{"id":2618,"date":"2025-03-31T19:21:18","date_gmt":"2025-03-31T19:21:18","guid":{"rendered":"https:\/\/tolingua.net\/?page_id=2618"},"modified":"2025-03-31T19:21:18","modified_gmt":"2025-03-31T19:21:18","slug":"datenschutzrichtlinie","status":"publish","type":"page","link":"https:\/\/tolingua.net\/en\/datenschutzrichtlinie\/","title":{"rendered":"Datenschutzrichtlinie"},"content":{"rendered":"<h2 class=\"\" dir=\"ltr\" data-start=\"2521\" data-end=\"2565\"><strong data-start=\"2524\" data-end=\"2563\">\ud83d\udcdc Datenschutzrichtlinie \u2013 Tolingua<\/strong><\/h2>\n<h3 class=\"\" dir=\"ltr\" data-start=\"2567\" data-end=\"2616\"><strong data-start=\"2571\" data-end=\"2614\">1. Verantwortlicher f\u00fcr den Datenschutz<\/strong><\/h3>\n<p class=\"\" dir=\"ltr\" data-start=\"2617\" data-end=\"2796\">Der Schutz Ihrer pers\u00f6nlichen Daten ist uns bei <strong data-start=\"2665\" data-end=\"2677\">Tolingua<\/strong> sehr wichtig. In dieser Datenschutzrichtlinie erl\u00e4utern wir, welche Daten wir erheben und wie wir diese verarbeiten.<\/p>\n<p class=\"\" dir=\"ltr\" data-start=\"2798\" data-end=\"2920\"><strong data-start=\"2798\" data-end=\"2825\">Verantwortliche Stelle:<\/strong><br data-start=\"2825\" data-end=\"2828\" \/>Tolingua<br data-start=\"2836\" data-end=\"2839\" \/>\ud83d\udce7 E-Mail: <a rel=\"noopener\" data-start=\"2850\" data-end=\"2867\">info@tolingua.net<\/a><br data-start=\"2867\" data-end=\"2870\" \/>\ud83c\udf10 Website: <a class=\"\" href=\"https:\/\/tolingua.net\/\" target=\"_new\" rel=\"noopener\" data-start=\"2882\" data-end=\"2918\">tolingua.net<\/a><\/p>\n<hr class=\"\" dir=\"ltr\" data-start=\"2922\" data-end=\"2927\" \/>\n<h3 class=\"\" dir=\"ltr\" data-start=\"2928\" data-end=\"2990\"><strong data-start=\"2932\" data-end=\"2988\">2. Erhebung und Verarbeitung personenbezogener Daten<\/strong><\/h3>\n<h4 class=\"\" dir=\"ltr\" data-start=\"2992\" data-end=\"3051\"><strong data-start=\"2997\" data-end=\"3049\">a) Automatisch erhobene Daten (Google Analytics)<\/strong><\/h4>\n<p class=\"\" dir=\"ltr\" data-start=\"3052\" data-end=\"3159\">Beim Besuch unserer Website werden einige Daten automatisch durch <strong data-start=\"3118\" data-end=\"3138\">Google Analytics<\/strong> erfasst, darunter:<\/p>\n<ul dir=\"ltr\" data-start=\"3160\" data-end=\"3332\">\n<li class=\"\" data-start=\"3160\" data-end=\"3188\">\n<p class=\"\" data-start=\"3162\" data-end=\"3188\">Anonymisierte IP-Adresse<\/p>\n<\/li>\n<li class=\"\" data-start=\"3189\" data-end=\"3216\">\n<p class=\"\" data-start=\"3191\" data-end=\"3216\">Browsertyp und -version<\/p>\n<\/li>\n<li class=\"\" data-start=\"3217\" data-end=\"3236\">\n<p class=\"\" data-start=\"3219\" data-end=\"3236\">Besuchte Seiten<\/p>\n<\/li>\n<li class=\"\" data-start=\"3237\" data-end=\"3270\">\n<p class=\"\" data-start=\"3239\" data-end=\"3270\">Datum und Uhrzeit des Besuchs<\/p>\n<\/li>\n<li class=\"\" data-start=\"3271\" data-end=\"3332\">\n<p class=\"\" data-start=\"3273\" data-end=\"3332\">Herkunft der Besucher (Suchmaschine, externe Links, etc.)<\/p>\n<\/li>\n<\/ul>\n<p class=\"\" dir=\"ltr\" data-start=\"3334\" data-end=\"3444\">Diese Daten dienen ausschlie\u00dflich der Verbesserung unserer Website und werden nicht an Dritte weitergegeben.<\/p>\n<h4 class=\"\" dir=\"ltr\" data-start=\"3446\" data-end=\"3489\"><strong data-start=\"3451\" data-end=\"3487\">b) Daten aus dem Kontaktformular<\/strong><\/h4>\n<p class=\"\" dir=\"ltr\" data-start=\"3490\" data-end=\"3610\">Wenn Sie uns \u00fcber das <strong data-start=\"3512\" data-end=\"3531\">Kontaktformular<\/strong> kontaktieren, speichern wir die von Ihnen freiwillig angegebenen Daten, wie:<\/p>\n<ul dir=\"ltr\" data-start=\"3611\" data-end=\"3652\">\n<li class=\"\" data-start=\"3611\" data-end=\"3619\">\n<p class=\"\" data-start=\"3613\" data-end=\"3619\">Name<\/p>\n<\/li>\n<li class=\"\" data-start=\"3620\" data-end=\"3638\">\n<p class=\"\" data-start=\"3622\" data-end=\"3638\">E-Mail-Adresse<\/p>\n<\/li>\n<li class=\"\" data-start=\"3639\" data-end=\"3652\">\n<p class=\"\" data-start=\"3641\" data-end=\"3652\">Nachricht<\/p>\n<\/li>\n<\/ul>\n<p class=\"\" dir=\"ltr\" data-start=\"3654\" data-end=\"3761\">Diese Informationen werden nur zur Bearbeitung Ihrer Anfrage verwendet und nicht an Dritte weitergegeben.<\/p>\n<p class=\"\" dir=\"ltr\" data-start=\"3763\" data-end=\"3941\"><strong data-start=\"3763\" data-end=\"3805\">Rechtsgrundlage der Datenverarbeitung:<\/strong><br data-start=\"3805\" data-end=\"3808\" \/>\u2705 Artikel <strong data-start=\"3818\" data-end=\"3829\">6(1)(b)<\/strong> DSGVO (Vertragsanbahnung).<br data-start=\"3856\" data-end=\"3859\" \/>\u2705 Artikel <strong data-start=\"3869\" data-end=\"3880\">6(1)(f)<\/strong> DSGVO (Analyse zur Verbesserung unserer Dienstleistungen).<\/p>\n<hr class=\"\" dir=\"ltr\" data-start=\"3943\" data-end=\"3948\" \/>\n<h3 class=\"\" dir=\"ltr\" data-start=\"3949\" data-end=\"3995\"><strong data-start=\"3953\" data-end=\"3993\">3. Cookies und Tracking-Technologien<\/strong><\/h3>\n<p class=\"\" dir=\"ltr\" data-start=\"3996\" data-end=\"4231\">Wir verwenden Cookies, um Ihre Nutzungserfahrung zu verbessern. Dazu geh\u00f6ren:<br data-start=\"4073\" data-end=\"4076\" \/>\u2714 <strong data-start=\"4078\" data-end=\"4100\">Notwendige Cookies<\/strong>: Erforderlich f\u00fcr grundlegende Funktionen.<br data-start=\"4143\" data-end=\"4146\" \/>\u2714 <strong data-start=\"4148\" data-end=\"4167\">Analyse-Cookies<\/strong>: Erlauben statistische Auswertungen mit <strong data-start=\"4208\" data-end=\"4228\">Google Analytics<\/strong>.<\/p>\n<p class=\"\" dir=\"ltr\" data-start=\"4233\" data-end=\"4351\">\ud83d\udca1 <strong data-start=\"4236\" data-end=\"4349\">Sie k\u00f6nnen Cookies in den Browsereinstellungen deaktivieren oder beim ersten Besuch unserer Website ablehnen.<\/strong><\/p>\n<hr class=\"\" dir=\"ltr\" data-start=\"4353\" data-end=\"4358\" \/>\n<h3 class=\"\" dir=\"ltr\" data-start=\"4359\" data-end=\"4395\"><strong data-start=\"4363\" data-end=\"4393\">4. Ihre Rechte gem\u00e4\u00df DSGVO<\/strong><\/h3>\n<p class=\"\" dir=\"ltr\" data-start=\"4396\" data-end=\"4750\">Sie haben das Recht:<br data-start=\"4416\" data-end=\"4419\" \/>\u2714 Auskunft \u00fcber Ihre gespeicherten Daten zu erhalten (Art. 15 DSGVO).<br data-start=\"4488\" data-end=\"4491\" \/>\u2714 Die Berichtigung falscher Daten zu verlangen (Art. 16 DSGVO).<br data-start=\"4554\" data-end=\"4557\" \/>\u2714 Die L\u00f6schung Ihrer Daten zu beantragen (Art. 17 DSGVO), es sei denn, gesetzliche Vorschriften verlangen eine Aufbewahrung.<br data-start=\"4681\" data-end=\"4684\" \/>\u2714 Der Verarbeitung Ihrer Daten zu widersprechen (Art. 21 DSGVO).<\/p>\n<p class=\"\" dir=\"ltr\" data-start=\"4752\" data-end=\"4843\">\ud83d\udce9 <strong data-start=\"4755\" data-end=\"4841\">F\u00fcr Anfragen oder zur Aus\u00fcbung Ihrer Rechte kontaktieren Sie uns bitte per E-Mail.<\/strong><\/p>\n<hr class=\"\" dir=\"ltr\" data-start=\"4845\" data-end=\"4850\" \/>\n<h3 class=\"\" dir=\"ltr\" data-start=\"4851\" data-end=\"4907\"><strong data-start=\"4855\" data-end=\"4905\">5. Wie kann ich Google Analytics deaktivieren?<\/strong><\/h3>\n<p class=\"\" dir=\"ltr\" data-start=\"4908\" data-end=\"5111\">Wenn Sie nicht m\u00f6chten, dass Ihre Daten von <strong data-start=\"4952\" data-end=\"4972\">Google Analytics<\/strong> erfasst werden, k\u00f6nnen Sie das folgende Browser-Add-on verwenden:<br data-start=\"5038\" data-end=\"5041\" \/><a class=\"\" href=\"https:\/\/tools.google.com\/dlpage\/gaoptout\" target=\"_new\" rel=\"noopener\" data-start=\"5041\" data-end=\"5109\">Google Analytics Opt-Out<\/a><\/p>\n<hr class=\"\" dir=\"ltr\" data-start=\"5113\" data-end=\"5118\" \/>\n<h3 class=\"\" dir=\"ltr\" data-start=\"5119\" data-end=\"5168\"><strong data-start=\"5123\" data-end=\"5166\">6. \u00c4nderungen der Datenschutzrichtlinie<\/strong><\/h3>\n<p class=\"\" dir=\"ltr\" data-start=\"5169\" data-end=\"5289\">Wir behalten uns vor, diese Datenschutzrichtlinie zu aktualisieren. \u00c4nderungen werden auf dieser Seite ver\u00f6ffentlicht.<\/p>\n<p class=\"\" dir=\"ltr\" data-start=\"5291\" data-end=\"5332\">\ud83d\udd04 <strong data-start=\"5294\" data-end=\"5330\">Letzte Aktualisierung: M\u00e4rz 2025<\/strong><\/p>\n","protected":false},"excerpt":{"rendered":"<p>\ud83d\udcdc Datenschutzrichtlinie \u2013 Tolingua 1. Verantwortlicher f\u00fcr den Datenschutz Der Schutz Ihrer pers\u00f6nlichen Daten ist uns bei Tolingua sehr wichtig. In dieser Datenschutzrichtlinie erl\u00e4utern wir, welche Daten wir erheben und wie wir diese verarbeiten. Verantwortliche Stelle:Tolingua\ud83d\udce7 E-Mail: info@tolingua.net\ud83c\udf10 Website: tolingua.net 2. Erhebung und Verarbeitung personenbezogener Daten a) Automatisch erhobene Daten (Google Analytics) Beim Besuch unserer [&hellip;]<\/p>\n","protected":false},"author":1,"featured_media":0,"parent":0,"menu_order":0,"comment_status":"closed","ping_status":"closed","template":"","meta":{"footnotes":""},"class_list":["post-2618","page","type-page","status-publish","hentry"],"_links":{"self":[{"href":"https:\/\/tolingua.net\/en\/wp-json\/wp\/v2\/pages\/2618","targetHints":{"allow":["GET"]}}],"collection":[{"href":"https:\/\/tolingua.net\/en\/wp-json\/wp\/v2\/pages"}],"about":[{"href":"https:\/\/tolingua.net\/en\/wp-json\/wp\/v2\/types\/page"}],"author":[{"embeddable":true,"href":"https:\/\/tolingua.net\/en\/wp-json\/wp\/v2\/users\/1"}],"replies":[{"embeddable":true,"href":"https:\/\/tolingua.net\/en\/wp-json\/wp\/v2\/comments?post=2618"}],"version-history":[{"count":0,"href":"https:\/\/tolingua.net\/en\/wp-json\/wp\/v2\/pages\/2618\/revisions"}],"wp:attachment":[{"href":"https:\/\/tolingua.net\/en\/wp-json\/wp\/v2\/media?parent=2618"}],"curies":[{"name":"wp","href":"https:\/\/api.w.org\/{rel}","templated":true}]}}